{"id":7535,"date":"2026-04-08T19:28:38","date_gmt":"2026-04-08T17:28:38","guid":{"rendered":"https:\/\/kutsam.at\/blog\/modenschau-schwertberg-fs2026\/"},"modified":"2026-04-11T12:19:48","modified_gmt":"2026-04-11T10:19:48","slug":"event2","status":"publish","type":"page","link":"https:\/\/kutsam.at\/blog\/event2\/","title":{"rendered":"Modenschau Schwertberg FS2026"},"content":{"rendered":"\n<figure class=\"wp-block-image size-large\"><img data-dominant-color=\"9b5c59\" data-has-transparency=\"false\" style=\"--dominant-color: #9b5c59;\" loading=\"lazy\" decoding=\"async\" width=\"1024\" height=\"1024\" sizes=\"auto, (max-width: 1024px) 100vw, 1024px\" src=\"https:\/\/kutsam.at\/blog\/wp-content\/uploads\/2026\/04\/image-1024x1024.webp\" alt=\"\" class=\"wp-image-7740 not-transparent\" srcset=\"https:\/\/kutsam.at\/blog\/wp-content\/uploads\/2026\/04\/image-1024x1024.webp 1024w, https:\/\/kutsam.at\/blog\/wp-content\/uploads\/2026\/04\/image-300x300.webp 300w, https:\/\/kutsam.at\/blog\/wp-content\/uploads\/2026\/04\/image-150x150.webp 150w, https:\/\/kutsam.at\/blog\/wp-content\/uploads\/2026\/04\/image-768x768.webp 768w, https:\/\/kutsam.at\/blog\/wp-content\/uploads\/2026\/04\/image.webp 1080w\" \/><\/figure>\n\n\n\n<p>Liebe Kunden!<br>Was f\u00fcr ein wunderbarer Abend mit euch gestern bei der Modenschau in Schwertberg.<br> <br>Die korrekte Antwort f\u00fcr das Sch\u00e4tzspiel war \u00fcbrigens: Es gibt 71 Damenmarken im Modehaus in Schwertberg. F\u00fcr die richtige Antwort gab&#8217;s f\u00fcr Thomas einen Brax Rucksack. Viel Freude damit!<\/p>\n\n\n\n<p>Die n\u00e4chste Modenschau in Schwertberg gibt&#8217;s am Di 5.5. um 15:00<\/p>\n\n\n\n<div class=\"wp-block-buttons is-layout-flex wp-block-buttons-is-layout-flex\">\n<div class=\"wp-block-button has-custom-width wp-block-button__width-100\"><a class=\"wp-block-button__link wp-element-button\" href=\"https:\/\/kutsam.at\/blog\/outfits-modenschau-schwertberg-fs2026\/\">Outfits der Models<\/a><\/div>\n\n\n\n<div class=\"wp-block-button has-custom-width wp-block-button__width-100\"><a class=\"wp-block-button__link wp-element-button\" href=\"https:\/\/app.pepi.online\/TerminBuchung\/kutsam\/6\">Termin buchen bei meiner Modeberaterin<\/a><\/div>\n\n\n\n<div class=\"wp-block-button has-custom-width wp-block-button__width-100\"><a class=\"wp-block-button__link wp-element-button\" href=\"https:\/\/docs.google.com\/forms\/d\/e\/1FAIpQLScIVR3d18kbcBS-9x5oTGUR_L9CfTIWIlPHTYJYp04vlEnTkQ\/viewform?usp=pp_url&amp;entry.901913804=Schwertberg\">Umfrage &#8211; Was k\u00f6nnen wir besser machen?<\/a><\/div>\n<\/div>\n\n\n\n<div class=\"wp-block-buttons is-layout-flex wp-block-buttons-is-layout-flex\">\n<div class=\"wp-block-button has-custom-width wp-block-button__width-100\"><a class=\"wp-block-button__link wp-element-button\" href=\"https:\/\/www.google.com\/maps\/place\/\/data=!4m3!3m2!1s0x4773afd8fdbe115b:0xb602128440858187!12e1?source=g.page.m.ia._&amp;laa=nmx-review-solicitation-ia2\">Bewerten Sie uns auf Google &#x2b50;&#x2b50;&#x2b50;&#x2b50;&#x2b50;<br>Machen Sie uns zum beliebtesten Modehaus im Universum<\/a><\/div>\n<\/div>\n\n\n\n<div class=\"wp-block-buttons is-layout-flex wp-block-buttons-is-layout-flex\">\n<div class=\"wp-block-button has-custom-width wp-block-button__width-100\"><a class=\"wp-block-button__link wp-element-button\" href=\"https:\/\/api.whatsapp.com\/send\/?phone=4369917501411&amp;text=Sch%C3%A4tzspiel%3A%20Wieviele%20Damen%20Marken%20f%C3%BChren%20wir%20in%20Schwertberg%3F&amp;type=phone_number&amp;app_absent=0\">Sch\u00e4tzspiel: Wieviele Damen Marken f\u00fchren wir in Schwertberg?<\/a><\/div>\n<\/div>\n\n\n\n<p>Die Fotos vom Event finden Sie in K\u00fcrze hier.<\/p>\n","protected":false},"excerpt":{"rendered":"<p>Liebe Kunden!Was f\u00fcr ein wunderbarer Abend mit euch gestern bei der Modenschau in Schwertberg. Die korrekte Antwort f\u00fcr das Sch\u00e4tzspiel war \u00fcbrigens: Es gibt 71 Damenmarken im Modehaus in Schwertberg. F\u00fcr die richtige Antwort gab&#8217;s f\u00fcr Thomas einen Brax Rucksack. Viel Freude damit! Die n\u00e4chste Modenschau in Schwertberg gibt&#8217;s am Di 5.5. um 15:00 Die [&hellip;]<\/p>\n","protected":false},"author":14,"featured_media":0,"parent":0,"menu_order":0,"comment_status":"closed","ping_status":"closed","template":"","meta":{"footnotes":""},"class_list":["post-7535","page","type-page","status-publish","hentry"],"yoast_head":"<!-- This site is optimized with the Yoast SEO plugin v27.4 - https:\/\/yoast.com\/product\/yoast-seo-wordpress\/ -->\n<title>Modenschau Schwertberg FS2026 -<\/title>\n<meta name=\"robots\" content=\"index, follow, max-snippet:-1, max-image-preview:large, max-video-preview:-1\" \/>\n<link rel=\"canonical\" href=\"https:\/\/kutsam.at\/blog\/event2\/\" \/>\n<meta property=\"og:locale\" content=\"de_DE\" \/>\n<meta property=\"og:type\" content=\"article\" \/>\n<meta property=\"og:title\" content=\"Modenschau Schwertberg FS2026 -\" \/>\n<meta property=\"og:description\" content=\"Liebe Kunden!Was f\u00fcr ein wunderbarer Abend mit euch gestern bei der Modenschau in Schwertberg. Die korrekte Antwort f\u00fcr das Sch\u00e4tzspiel war \u00fcbrigens: Es gibt 71 Damenmarken im Modehaus in Schwertberg. F\u00fcr die richtige Antwort gab&#8217;s f\u00fcr Thomas einen Brax Rucksack. Viel Freude damit! Die n\u00e4chste Modenschau in Schwertberg gibt&#8217;s am Di 5.5. um 15:00 Die [&hellip;]\" \/>\n<meta property=\"og:url\" content=\"https:\/\/kutsam.at\/blog\/event2\/\" \/>\n<meta property=\"article:publisher\" content=\"https:\/\/www.facebook.com\/kutsam\" \/>\n<meta property=\"article:modified_time\" content=\"2026-04-11T10:19:48+00:00\" \/>\n<meta property=\"og:image\" content=\"https:\/\/kutsam.at\/blog\/wp-content\/uploads\/2026\/04\/image.webp\" \/>\n\t<meta property=\"og:image:width\" content=\"1080\" \/>\n\t<meta property=\"og:image:height\" content=\"1080\" \/>\n\t<meta property=\"og:image:type\" content=\"image\/png\" \/>\n<meta name=\"twitter:card\" content=\"summary_large_image\" \/>\n<meta name=\"twitter:label1\" content=\"Gesch\u00e4tzte Lesezeit\" \/>\n\t<meta name=\"twitter:data1\" content=\"1\u00a0Minute\" \/>\n<!-- \/ Yoast SEO plugin. -->","yoast_head_json":{"title":"Modenschau Schwertberg FS2026 -","robots":{"index":"index","follow":"follow","max-snippet":"max-snippet:-1","max-image-preview":"max-image-preview:large","max-video-preview":"max-video-preview:-1"},"canonical":"https:\/\/kutsam.at\/blog\/event2\/","og_locale":"de_DE","og_type":"article","og_title":"Modenschau Schwertberg FS2026 -","og_description":"Liebe Kunden!Was f\u00fcr ein wunderbarer Abend mit euch gestern bei der Modenschau in Schwertberg. Die korrekte Antwort f\u00fcr das Sch\u00e4tzspiel war \u00fcbrigens: Es gibt 71 Damenmarken im Modehaus in Schwertberg. F\u00fcr die richtige Antwort gab&#8217;s f\u00fcr Thomas einen Brax Rucksack. Viel Freude damit! Die n\u00e4chste Modenschau in Schwertberg gibt&#8217;s am Di 5.5. um 15:00 Die [&hellip;]","og_url":"https:\/\/kutsam.at\/blog\/event2\/","article_publisher":"https:\/\/www.facebook.com\/kutsam","article_modified_time":"2026-04-11T10:19:48+00:00","og_image":[{"width":1080,"height":1080,"url":"https:\/\/kutsam.at\/blog\/wp-content\/uploads\/2026\/04\/image.webp","type":"image\/png"}],"twitter_card":"summary_large_image","twitter_misc":{"Gesch\u00e4tzte Lesezeit":"1\u00a0Minute"},"schema":{"@context":"https:\/\/schema.org","@graph":[{"@type":"WebPage","@id":"https:\/\/kutsam.at\/blog\/event2\/","url":"https:\/\/kutsam.at\/blog\/event2\/","name":"Modenschau Schwertberg FS2026 -","isPartOf":{"@id":"https:\/\/kutsam.at\/blog\/#website"},"primaryImageOfPage":{"@id":"https:\/\/kutsam.at\/blog\/event2\/#primaryimage"},"image":{"@id":"https:\/\/kutsam.at\/blog\/event2\/#primaryimage"},"thumbnailUrl":"https:\/\/kutsam.at\/blog\/wp-content\/uploads\/2026\/04\/image-1024x1024.webp","datePublished":"2026-04-08T17:28:38+00:00","dateModified":"2026-04-11T10:19:48+00:00","breadcrumb":{"@id":"https:\/\/kutsam.at\/blog\/event2\/#breadcrumb"},"inLanguage":"de","potentialAction":[{"@type":"ReadAction","target":["https:\/\/kutsam.at\/blog\/event2\/"]}]},{"@type":"ImageObject","inLanguage":"de","@id":"https:\/\/kutsam.at\/blog\/event2\/#primaryimage","url":"https:\/\/kutsam.at\/blog\/wp-content\/uploads\/2026\/04\/image.webp","contentUrl":"https:\/\/kutsam.at\/blog\/wp-content\/uploads\/2026\/04\/image.webp","width":1080,"height":1080},{"@type":"BreadcrumbList","@id":"https:\/\/kutsam.at\/blog\/event2\/#breadcrumb","itemListElement":[{"@type":"ListItem","position":1,"name":"Startseite","item":"https:\/\/kutsam.at\/blog\/"},{"@type":"ListItem","position":2,"name":"Modenschau Schwertberg FS2026"}]},{"@type":"WebSite","@id":"https:\/\/kutsam.at\/blog\/#website","url":"https:\/\/kutsam.at\/blog\/","name":"www.kutsam.at","description":"","publisher":{"@id":"https:\/\/kutsam.at\/blog\/#organization"},"potentialAction":[{"@type":"SearchAction","target":{"@type":"EntryPoint","urlTemplate":"https:\/\/kutsam.at\/blog\/?s={search_term_string}"},"query-input":{"@type":"PropertyValueSpecification","valueRequired":true,"valueName":"search_term_string"}}],"inLanguage":"de"},{"@type":"Organization","@id":"https:\/\/kutsam.at\/blog\/#organization","name":"Modehaus Kutsam","url":"https:\/\/kutsam.at\/blog\/","logo":{"@type":"ImageObject","inLanguage":"de","@id":"https:\/\/kutsam.at\/blog\/#\/schema\/logo\/image\/","url":"https:\/\/kutsam.at\/blog\/wp-content\/uploads\/2025\/06\/Kutsam_Hauptlogo_positiv.jpg","contentUrl":"https:\/\/kutsam.at\/blog\/wp-content\/uploads\/2025\/06\/Kutsam_Hauptlogo_positiv.jpg","width":1,"height":1,"caption":"Modehaus Kutsam"},"image":{"@id":"https:\/\/kutsam.at\/blog\/#\/schema\/logo\/image\/"},"sameAs":["https:\/\/www.facebook.com\/kutsam","https:\/\/www.instagram.com\/modehaus_kutsam\/","https:\/\/www.linkedin.com\/company\/6187905","https:\/\/www.youtube.com\/channel\/UCpu3uHhA4NnoTi6PsIr0z1Q"]}]}},"publishpress_future_action":{"enabled":false,"date":"2026-04-26 19:25:53","action":"change-status","newStatus":"draft","terms":[],"taxonomy":"","extraData":[]},"publishpress_future_workflow_manual_trigger":{"enabledWorkflows":[]},"_links":{"self":[{"href":"https:\/\/kutsam.at\/blog\/wp-json\/wp\/v2\/pages\/7535","targetHints":{"allow":["GET"]}}],"collection":[{"href":"https:\/\/kutsam.at\/blog\/wp-json\/wp\/v2\/pages"}],"about":[{"href":"https:\/\/kutsam.at\/blog\/wp-json\/wp\/v2\/types\/page"}],"author":[{"embeddable":true,"href":"https:\/\/kutsam.at\/blog\/wp-json\/wp\/v2\/users\/14"}],"replies":[{"embeddable":true,"href":"https:\/\/kutsam.at\/blog\/wp-json\/wp\/v2\/comments?post=7535"}],"version-history":[{"count":9,"href":"https:\/\/kutsam.at\/blog\/wp-json\/wp\/v2\/pages\/7535\/revisions"}],"predecessor-version":[{"id":7741,"href":"https:\/\/kutsam.at\/blog\/wp-json\/wp\/v2\/pages\/7535\/revisions\/7741"}],"wp:attachment":[{"href":"https:\/\/kutsam.at\/blog\/wp-json\/wp\/v2\/media?parent=7535"}],"curies":[{"name":"wp","href":"https:\/\/api.w.org\/{rel}","templated":true}]}}