{"id":7511,"date":"2026-04-07T15:03:36","date_gmt":"2026-04-07T13:03:36","guid":{"rendered":"https:\/\/kutsam.at\/blog\/?page_id=7511"},"modified":"2026-04-11T12:24:46","modified_gmt":"2026-04-11T10:24:46","slug":"event1","status":"publish","type":"page","link":"https:\/\/kutsam.at\/blog\/event1\/","title":{"rendered":"Modenschau St. Valentin 9.4.2026"},"content":{"rendered":"\n<figure class=\"wp-block-image size-full\"><img data-dominant-color=\"938075\" data-has-transparency=\"false\" style=\"--dominant-color: #938075;\" loading=\"lazy\" decoding=\"async\" width=\"568\" height=\"974\" sizes=\"auto, (max-width: 568px) 100vw, 568px\" src=\"https:\/\/kutsam.at\/blog\/wp-content\/uploads\/2026\/04\/image-1.webp\" alt=\"\" class=\"wp-image-7742 not-transparent\" srcset=\"https:\/\/kutsam.at\/blog\/wp-content\/uploads\/2026\/04\/image-1.webp 568w, https:\/\/kutsam.at\/blog\/wp-content\/uploads\/2026\/04\/image-1-175x300.webp 175w\" \/><\/figure>\n\n\n\n<p><\/p>\n\n\n\n<p>Liebe Kunden!<br>Was f\u00fcr ein wunderbarer Abend mit Ihnen bei der Modenschau in St. Valentin.<br> <br>Die korrekte Antwort f\u00fcr das Sch\u00e4tzspiel war \u00fcbrigens: Es gibt 93 Damenmarken im Modehaus in St. Valentin. F\u00fcr die richtige Antwort gab&#8217;s f\u00fcr Eva B. einen Brax Rucksack. Viel Freude damit!<\/p>\n\n\n\n<p>Die n\u00e4chste Termine:<br><strong>Freundinnentag am Fr 17. April bis 19 Uhr<\/strong><\/p>\n\n\n\n<p>N\u00e4chsten Modenschau Termine<br>Fr. 17.4.\u2003Bad Hall\u200318:30<br>Fr. 24.4.\u2003Kirchdorf\u200318:30<br>Di. 5.5.\u2003Schwertberg\u200315:00<br>Fr. 8.5.\u2003Sierning\u200318:30<\/p>\n\n\n\n<p><\/p>\n\n\n\n<div class=\"wp-block-buttons is-layout-flex wp-block-buttons-is-layout-flex\">\n<div class=\"wp-block-button has-custom-width wp-block-button__width-100\"><a class=\"wp-block-button__link wp-element-button\" href=\"https:\/\/kutsam.at\/blog\/outfits-modenschau-st-valentin-fs-2026\/\">Outfits der Models<\/a><\/div>\n\n\n\n<div class=\"wp-block-button has-custom-width wp-block-button__width-100\"><a class=\"wp-block-button__link wp-element-button\" href=\"https:\/\/app.pepi.online\/TerminBuchung\/kutsam\/5\">Termin buchen bei meiner Modeberaterin<\/a><\/div>\n\n\n\n<div class=\"wp-block-button has-custom-width wp-block-button__width-100\"><a class=\"wp-block-button__link wp-element-button\" href=\"https:\/\/docs.google.com\/forms\/d\/e\/1FAIpQLScIVR3d18kbcBS-9x5oTGUR_L9CfTIWIlPHTYJYp04vlEnTkQ\/viewform?usp=pp_url&amp;entry.901913804=St.+Valentin\">Umfrage &#8211; Was k\u00f6nnen wir besser machen?<\/a><\/div>\n<\/div>\n\n\n\n<div class=\"wp-block-buttons is-layout-flex wp-block-buttons-is-layout-flex\">\n<div class=\"wp-block-button has-custom-width wp-block-button__width-100\"><a class=\"wp-block-button__link wp-element-button\" href=\"https:\/\/www.google.com\/maps\/place\/\/data=!4m3!3m2!1s0x4773b7143ca28a7f:0x1efa1ad1d73b4ce0!12e1?source=g.page.m.ia._&amp;laa=nmx-review-solicitation-ia2\">Bewerten Sie uns auf Google &#x2b50;&#x2b50;&#x2b50;&#x2b50;&#x2b50;<br>Machen Sie uns zum beliebtesten Modehaus im Universum<\/a><\/div>\n<\/div>\n\n\n\n<div class=\"wp-block-buttons is-layout-flex wp-block-buttons-is-layout-flex\">\n<div class=\"wp-block-button has-custom-width wp-block-button__width-100\"><a class=\"wp-block-button__link wp-element-button\" href=\"https:\/\/api.whatsapp.com\/send\/?phone=4369917501414&amp;text=Sch%C3%A4tzspiel%3A%20Wieviele%20Damen%20Marken%20f%C3%BChren%20wir%20in%20St.%20Valentin%3F&amp;type=phone_number&amp;app_absent=0\">Sch\u00e4tzspiel: Wieviele Damen Marken f\u00fchren wir in St. Valentin?<\/a><\/div>\n<\/div>\n\n\n\n<figure class=\"wp-block-gallery has-nested-images columns-default is-cropped wp-block-gallery-1 is-layout-flex wp-block-gallery-is-layout-flex\">\n<figure class=\"wp-block-image size-large\"><img data-dominant-color=\"72686e\" data-has-transparency=\"false\" style=\"--dominant-color: #72686e;\" loading=\"lazy\" decoding=\"async\" width=\"577\" height=\"1024\" sizes=\"auto, (max-width: 577px) 100vw, 577px\" data-id=\"7636\" src=\"https:\/\/kutsam.at\/blog\/wp-content\/uploads\/2026\/04\/20260409_184850-577x1024.webp\" alt=\"\" class=\"wp-image-7636 not-transparent\" srcset=\"https:\/\/kutsam.at\/blog\/wp-content\/uploads\/2026\/04\/20260409_184850-577x1024.webp 577w, https:\/\/kutsam.at\/blog\/wp-content\/uploads\/2026\/04\/20260409_184850-169x300.webp 169w, https:\/\/kutsam.at\/blog\/wp-content\/uploads\/2026\/04\/20260409_184850-768x1364.webp 768w, https:\/\/kutsam.at\/blog\/wp-content\/uploads\/2026\/04\/20260409_184850-865x1536.webp 865w, https:\/\/kutsam.at\/blog\/wp-content\/uploads\/2026\/04\/20260409_184850-1153x2048.webp 1153w, https:\/\/kutsam.at\/blog\/wp-content\/uploads\/2026\/04\/20260409_184850-scaled.webp 1441w\" \/><\/figure>\n\n\n\n<figure class=\"wp-block-image size-large\"><img data-dominant-color=\"897b63\" data-has-transparency=\"false\" style=\"--dominant-color: #897b63;\" loading=\"lazy\" decoding=\"async\" width=\"577\" height=\"1024\" sizes=\"auto, (max-width: 577px) 100vw, 577px\" data-id=\"7634\" src=\"https:\/\/kutsam.at\/blog\/wp-content\/uploads\/2026\/04\/20260409_190721-577x1024.webp\" alt=\"\" class=\"wp-image-7634 not-transparent\" srcset=\"https:\/\/kutsam.at\/blog\/wp-content\/uploads\/2026\/04\/20260409_190721-577x1024.webp 577w, https:\/\/kutsam.at\/blog\/wp-content\/uploads\/2026\/04\/20260409_190721-169x300.webp 169w, https:\/\/kutsam.at\/blog\/wp-content\/uploads\/2026\/04\/20260409_190721-768x1364.webp 768w, https:\/\/kutsam.at\/blog\/wp-content\/uploads\/2026\/04\/20260409_190721-865x1536.webp 865w, https:\/\/kutsam.at\/blog\/wp-content\/uploads\/2026\/04\/20260409_190721-1153x2048.webp 1153w, https:\/\/kutsam.at\/blog\/wp-content\/uploads\/2026\/04\/20260409_190721-scaled.webp 1441w\" \/><\/figure>\n\n\n\n<figure class=\"wp-block-image size-large\"><img data-dominant-color=\"8a796d\" data-has-transparency=\"false\" style=\"--dominant-color: #8a796d;\" loading=\"lazy\" decoding=\"async\" width=\"577\" height=\"1024\" sizes=\"auto, (max-width: 577px) 100vw, 577px\" data-id=\"7632\" src=\"https:\/\/kutsam.at\/blog\/wp-content\/uploads\/2026\/04\/20260409_190731-577x1024.webp\" alt=\"\" class=\"wp-image-7632 not-transparent\" srcset=\"https:\/\/kutsam.at\/blog\/wp-content\/uploads\/2026\/04\/20260409_190731-577x1024.webp 577w, https:\/\/kutsam.at\/blog\/wp-content\/uploads\/2026\/04\/20260409_190731-169x300.webp 169w, https:\/\/kutsam.at\/blog\/wp-content\/uploads\/2026\/04\/20260409_190731-768x1364.webp 768w, https:\/\/kutsam.at\/blog\/wp-content\/uploads\/2026\/04\/20260409_190731-865x1536.webp 865w, https:\/\/kutsam.at\/blog\/wp-content\/uploads\/2026\/04\/20260409_190731-1153x2048.webp 1153w, https:\/\/kutsam.at\/blog\/wp-content\/uploads\/2026\/04\/20260409_190731-scaled.webp 1441w\" \/><\/figure>\n\n\n\n<figure class=\"wp-block-image size-large\"><img data-dominant-color=\"7e6867\" data-has-transparency=\"false\" style=\"--dominant-color: #7e6867;\" loading=\"lazy\" decoding=\"async\" width=\"577\" height=\"1024\" sizes=\"auto, (max-width: 577px) 100vw, 577px\" data-id=\"7630\" src=\"https:\/\/kutsam.at\/blog\/wp-content\/uploads\/2026\/04\/20260409_190736-577x1024.webp\" alt=\"\" class=\"wp-image-7630 not-transparent\" srcset=\"https:\/\/kutsam.at\/blog\/wp-content\/uploads\/2026\/04\/20260409_190736-577x1024.webp 577w, https:\/\/kutsam.at\/blog\/wp-content\/uploads\/2026\/04\/20260409_190736-169x300.webp 169w, https:\/\/kutsam.at\/blog\/wp-content\/uploads\/2026\/04\/20260409_190736-768x1364.webp 768w, https:\/\/kutsam.at\/blog\/wp-content\/uploads\/2026\/04\/20260409_190736-865x1536.webp 865w, https:\/\/kutsam.at\/blog\/wp-content\/uploads\/2026\/04\/20260409_190736-1153x2048.webp 1153w, https:\/\/kutsam.at\/blog\/wp-content\/uploads\/2026\/04\/20260409_190736-scaled.webp 1441w\" \/><\/figure>\n\n\n\n<figure class=\"wp-block-image size-large\"><img data-dominant-color=\"877865\" data-has-transparency=\"false\" style=\"--dominant-color: #877865;\" loading=\"lazy\" decoding=\"async\" width=\"577\" height=\"1024\" sizes=\"auto, (max-width: 577px) 100vw, 577px\" data-id=\"7629\" src=\"https:\/\/kutsam.at\/blog\/wp-content\/uploads\/2026\/04\/20260409_190851-577x1024.webp\" alt=\"\" class=\"wp-image-7629 not-transparent\" srcset=\"https:\/\/kutsam.at\/blog\/wp-content\/uploads\/2026\/04\/20260409_190851-577x1024.webp 577w, https:\/\/kutsam.at\/blog\/wp-content\/uploads\/2026\/04\/20260409_190851-169x300.webp 169w, https:\/\/kutsam.at\/blog\/wp-content\/uploads\/2026\/04\/20260409_190851-768x1364.webp 768w, https:\/\/kutsam.at\/blog\/wp-content\/uploads\/2026\/04\/20260409_190851-865x1536.webp 865w, https:\/\/kutsam.at\/blog\/wp-content\/uploads\/2026\/04\/20260409_190851-1153x2048.webp 1153w, https:\/\/kutsam.at\/blog\/wp-content\/uploads\/2026\/04\/20260409_190851-scaled.webp 1441w\" \/><\/figure>\n\n\n\n<figure class=\"wp-block-image size-large\"><img data-dominant-color=\"8b7f70\" data-has-transparency=\"false\" style=\"--dominant-color: #8b7f70;\" loading=\"lazy\" decoding=\"async\" width=\"577\" height=\"1024\" sizes=\"auto, (max-width: 577px) 100vw, 577px\" data-id=\"7628\" src=\"https:\/\/kutsam.at\/blog\/wp-content\/uploads\/2026\/04\/20260409_190901-577x1024.webp\" alt=\"\" class=\"wp-image-7628 not-transparent\" srcset=\"https:\/\/kutsam.at\/blog\/wp-content\/uploads\/2026\/04\/20260409_190901-577x1024.webp 577w, https:\/\/kutsam.at\/blog\/wp-content\/uploads\/2026\/04\/20260409_190901-169x300.webp 169w, https:\/\/kutsam.at\/blog\/wp-content\/uploads\/2026\/04\/20260409_190901-768x1364.webp 768w, https:\/\/kutsam.at\/blog\/wp-content\/uploads\/2026\/04\/20260409_190901-865x1536.webp 865w, https:\/\/kutsam.at\/blog\/wp-content\/uploads\/2026\/04\/20260409_190901-1153x2048.webp 1153w, https:\/\/kutsam.at\/blog\/wp-content\/uploads\/2026\/04\/20260409_190901-scaled.webp 1441w\" \/><\/figure>\n\n\n\n<figure class=\"wp-block-image size-large\"><img data-dominant-color=\"7a6b73\" data-has-transparency=\"false\" style=\"--dominant-color: #7a6b73;\" loading=\"lazy\" decoding=\"async\" width=\"577\" height=\"1024\" sizes=\"auto, (max-width: 577px) 100vw, 577px\" data-id=\"7637\" src=\"https:\/\/kutsam.at\/blog\/wp-content\/uploads\/2026\/04\/20260409_191315-577x1024.webp\" alt=\"\" class=\"wp-image-7637 not-transparent\" srcset=\"https:\/\/kutsam.at\/blog\/wp-content\/uploads\/2026\/04\/20260409_191315-577x1024.webp 577w, https:\/\/kutsam.at\/blog\/wp-content\/uploads\/2026\/04\/20260409_191315-169x300.webp 169w, https:\/\/kutsam.at\/blog\/wp-content\/uploads\/2026\/04\/20260409_191315-768x1364.webp 768w, https:\/\/kutsam.at\/blog\/wp-content\/uploads\/2026\/04\/20260409_191315-865x1536.webp 865w, https:\/\/kutsam.at\/blog\/wp-content\/uploads\/2026\/04\/20260409_191315-1153x2048.webp 1153w, https:\/\/kutsam.at\/blog\/wp-content\/uploads\/2026\/04\/20260409_191315-scaled.webp 1441w\" \/><\/figure>\n\n\n\n<figure class=\"wp-block-image size-large\"><img data-dominant-color=\"877560\" data-has-transparency=\"false\" style=\"--dominant-color: #877560;\" loading=\"lazy\" decoding=\"async\" width=\"577\" height=\"1024\" sizes=\"auto, (max-width: 577px) 100vw, 577px\" data-id=\"7633\" src=\"https:\/\/kutsam.at\/blog\/wp-content\/uploads\/2026\/04\/20260409_191326-577x1024.webp\" alt=\"\" class=\"wp-image-7633 not-transparent\" srcset=\"https:\/\/kutsam.at\/blog\/wp-content\/uploads\/2026\/04\/20260409_191326-577x1024.webp 577w, https:\/\/kutsam.at\/blog\/wp-content\/uploads\/2026\/04\/20260409_191326-169x300.webp 169w, https:\/\/kutsam.at\/blog\/wp-content\/uploads\/2026\/04\/20260409_191326-768x1364.webp 768w, https:\/\/kutsam.at\/blog\/wp-content\/uploads\/2026\/04\/20260409_191326-865x1536.webp 865w, https:\/\/kutsam.at\/blog\/wp-content\/uploads\/2026\/04\/20260409_191326-1153x2048.webp 1153w, https:\/\/kutsam.at\/blog\/wp-content\/uploads\/2026\/04\/20260409_191326-scaled.webp 1441w\" \/><\/figure>\n\n\n\n<figure class=\"wp-block-image size-large\"><img data-dominant-color=\"786667\" data-has-transparency=\"false\" style=\"--dominant-color: #786667;\" loading=\"lazy\" decoding=\"async\" width=\"577\" height=\"1024\" sizes=\"auto, (max-width: 577px) 100vw, 577px\" data-id=\"7631\" src=\"https:\/\/kutsam.at\/blog\/wp-content\/uploads\/2026\/04\/20260409_192812-577x1024.webp\" alt=\"\" class=\"wp-image-7631 not-transparent\" srcset=\"https:\/\/kutsam.at\/blog\/wp-content\/uploads\/2026\/04\/20260409_192812-577x1024.webp 577w, https:\/\/kutsam.at\/blog\/wp-content\/uploads\/2026\/04\/20260409_192812-169x300.webp 169w, https:\/\/kutsam.at\/blog\/wp-content\/uploads\/2026\/04\/20260409_192812-768x1364.webp 768w, https:\/\/kutsam.at\/blog\/wp-content\/uploads\/2026\/04\/20260409_192812-865x1536.webp 865w, https:\/\/kutsam.at\/blog\/wp-content\/uploads\/2026\/04\/20260409_192812-1153x2048.webp 1153w, https:\/\/kutsam.at\/blog\/wp-content\/uploads\/2026\/04\/20260409_192812-scaled.webp 1441w\" \/><\/figure>\n<\/figure>\n","protected":false},"excerpt":{"rendered":"<p>Liebe Kunden!Was f\u00fcr ein wunderbarer Abend mit Ihnen bei der Modenschau in St. Valentin. Die korrekte Antwort f\u00fcr das Sch\u00e4tzspiel war \u00fcbrigens: Es gibt 93 Damenmarken im Modehaus in St. Valentin. F\u00fcr die richtige Antwort gab&#8217;s f\u00fcr Eva B. einen Brax Rucksack. Viel Freude damit! Die n\u00e4chste Termine:Freundinnentag am Fr 17. April bis 19 Uhr [&hellip;]<\/p>\n","protected":false},"author":1,"featured_media":0,"parent":0,"menu_order":0,"comment_status":"closed","ping_status":"closed","template":"","meta":{"footnotes":""},"class_list":["post-7511","page","type-page","status-publish","hentry"],"yoast_head":"<!-- This site is optimized with the Yoast SEO plugin v27.4 - https:\/\/yoast.com\/product\/yoast-seo-wordpress\/ -->\n<title>Modenschau St. Valentin 9.4.2026 -<\/title>\n<meta name=\"robots\" content=\"index, follow, max-snippet:-1, max-image-preview:large, max-video-preview:-1\" \/>\n<link rel=\"canonical\" href=\"https:\/\/kutsam.at\/blog\/event1\/\" \/>\n<meta property=\"og:locale\" content=\"de_DE\" \/>\n<meta property=\"og:type\" content=\"article\" \/>\n<meta property=\"og:title\" content=\"Modenschau St. Valentin 9.4.2026 -\" \/>\n<meta property=\"og:description\" content=\"Liebe Kunden!Was f\u00fcr ein wunderbarer Abend mit Ihnen bei der Modenschau in St. Valentin. Die korrekte Antwort f\u00fcr das Sch\u00e4tzspiel war \u00fcbrigens: Es gibt 93 Damenmarken im Modehaus in St. Valentin. F\u00fcr die richtige Antwort gab&#8217;s f\u00fcr Eva B. einen Brax Rucksack. Viel Freude damit! Die n\u00e4chste Termine:Freundinnentag am Fr 17. April bis 19 Uhr [&hellip;]\" \/>\n<meta property=\"og:url\" content=\"https:\/\/kutsam.at\/blog\/event1\/\" \/>\n<meta property=\"article:publisher\" content=\"https:\/\/www.facebook.com\/kutsam\" \/>\n<meta property=\"article:modified_time\" content=\"2026-04-11T10:24:46+00:00\" \/>\n<meta property=\"og:image\" content=\"https:\/\/kutsam.at\/blog\/wp-content\/uploads\/2026\/04\/image-1.webp\" \/>\n\t<meta property=\"og:image:width\" content=\"568\" \/>\n\t<meta property=\"og:image:height\" content=\"974\" \/>\n\t<meta property=\"og:image:type\" content=\"image\/png\" \/>\n<meta name=\"twitter:card\" content=\"summary_large_image\" \/>\n<meta name=\"twitter:label1\" content=\"Gesch\u00e4tzte Lesezeit\" \/>\n\t<meta name=\"twitter:data1\" content=\"1\u00a0Minute\" \/>\n<!-- \/ Yoast SEO plugin. -->","yoast_head_json":{"title":"Modenschau St. Valentin 9.4.2026 -","robots":{"index":"index","follow":"follow","max-snippet":"max-snippet:-1","max-image-preview":"max-image-preview:large","max-video-preview":"max-video-preview:-1"},"canonical":"https:\/\/kutsam.at\/blog\/event1\/","og_locale":"de_DE","og_type":"article","og_title":"Modenschau St. Valentin 9.4.2026 -","og_description":"Liebe Kunden!Was f\u00fcr ein wunderbarer Abend mit Ihnen bei der Modenschau in St. Valentin. Die korrekte Antwort f\u00fcr das Sch\u00e4tzspiel war \u00fcbrigens: Es gibt 93 Damenmarken im Modehaus in St. Valentin. F\u00fcr die richtige Antwort gab&#8217;s f\u00fcr Eva B. einen Brax Rucksack. Viel Freude damit! Die n\u00e4chste Termine:Freundinnentag am Fr 17. April bis 19 Uhr [&hellip;]","og_url":"https:\/\/kutsam.at\/blog\/event1\/","article_publisher":"https:\/\/www.facebook.com\/kutsam","article_modified_time":"2026-04-11T10:24:46+00:00","og_image":[{"width":568,"height":974,"url":"https:\/\/kutsam.at\/blog\/wp-content\/uploads\/2026\/04\/image-1.webp","type":"image\/png"}],"twitter_card":"summary_large_image","twitter_misc":{"Gesch\u00e4tzte Lesezeit":"1\u00a0Minute"},"schema":{"@context":"https:\/\/schema.org","@graph":[{"@type":"WebPage","@id":"https:\/\/kutsam.at\/blog\/event1\/","url":"https:\/\/kutsam.at\/blog\/event1\/","name":"Modenschau St. Valentin 9.4.2026 -","isPartOf":{"@id":"https:\/\/kutsam.at\/blog\/#website"},"primaryImageOfPage":{"@id":"https:\/\/kutsam.at\/blog\/event1\/#primaryimage"},"image":{"@id":"https:\/\/kutsam.at\/blog\/event1\/#primaryimage"},"thumbnailUrl":"https:\/\/kutsam.at\/blog\/wp-content\/uploads\/2026\/04\/image-1.webp","datePublished":"2026-04-07T13:03:36+00:00","dateModified":"2026-04-11T10:24:46+00:00","breadcrumb":{"@id":"https:\/\/kutsam.at\/blog\/event1\/#breadcrumb"},"inLanguage":"de","potentialAction":[{"@type":"ReadAction","target":["https:\/\/kutsam.at\/blog\/event1\/"]}]},{"@type":"ImageObject","inLanguage":"de","@id":"https:\/\/kutsam.at\/blog\/event1\/#primaryimage","url":"https:\/\/kutsam.at\/blog\/wp-content\/uploads\/2026\/04\/image-1.webp","contentUrl":"https:\/\/kutsam.at\/blog\/wp-content\/uploads\/2026\/04\/image-1.webp","width":568,"height":974},{"@type":"BreadcrumbList","@id":"https:\/\/kutsam.at\/blog\/event1\/#breadcrumb","itemListElement":[{"@type":"ListItem","position":1,"name":"Startseite","item":"https:\/\/kutsam.at\/blog\/"},{"@type":"ListItem","position":2,"name":"Modenschau St. Valentin 9.4.2026"}]},{"@type":"WebSite","@id":"https:\/\/kutsam.at\/blog\/#website","url":"https:\/\/kutsam.at\/blog\/","name":"www.kutsam.at","description":"","publisher":{"@id":"https:\/\/kutsam.at\/blog\/#organization"},"potentialAction":[{"@type":"SearchAction","target":{"@type":"EntryPoint","urlTemplate":"https:\/\/kutsam.at\/blog\/?s={search_term_string}"},"query-input":{"@type":"PropertyValueSpecification","valueRequired":true,"valueName":"search_term_string"}}],"inLanguage":"de"},{"@type":"Organization","@id":"https:\/\/kutsam.at\/blog\/#organization","name":"Modehaus Kutsam","url":"https:\/\/kutsam.at\/blog\/","logo":{"@type":"ImageObject","inLanguage":"de","@id":"https:\/\/kutsam.at\/blog\/#\/schema\/logo\/image\/","url":"https:\/\/kutsam.at\/blog\/wp-content\/uploads\/2025\/06\/Kutsam_Hauptlogo_positiv.jpg","contentUrl":"https:\/\/kutsam.at\/blog\/wp-content\/uploads\/2025\/06\/Kutsam_Hauptlogo_positiv.jpg","width":1,"height":1,"caption":"Modehaus Kutsam"},"image":{"@id":"https:\/\/kutsam.at\/blog\/#\/schema\/logo\/image\/"},"sameAs":["https:\/\/www.facebook.com\/kutsam","https:\/\/www.instagram.com\/modehaus_kutsam\/","https:\/\/www.linkedin.com\/company\/6187905","https:\/\/www.youtube.com\/channel\/UCpu3uHhA4NnoTi6PsIr0z1Q"]}]}},"publishpress_future_action":{"enabled":false,"date":"2026-04-26 19:25:52","action":"change-status","newStatus":"draft","terms":[],"taxonomy":"","extraData":[]},"publishpress_future_workflow_manual_trigger":{"enabledWorkflows":[]},"_links":{"self":[{"href":"https:\/\/kutsam.at\/blog\/wp-json\/wp\/v2\/pages\/7511","targetHints":{"allow":["GET"]}}],"collection":[{"href":"https:\/\/kutsam.at\/blog\/wp-json\/wp\/v2\/pages"}],"about":[{"href":"https:\/\/kutsam.at\/blog\/wp-json\/wp\/v2\/types\/page"}],"author":[{"embeddable":true,"href":"https:\/\/kutsam.at\/blog\/wp-json\/wp\/v2\/users\/1"}],"replies":[{"embeddable":true,"href":"https:\/\/kutsam.at\/blog\/wp-json\/wp\/v2\/comments?post=7511"}],"version-history":[{"count":12,"href":"https:\/\/kutsam.at\/blog\/wp-json\/wp\/v2\/pages\/7511\/revisions"}],"predecessor-version":[{"id":7744,"href":"https:\/\/kutsam.at\/blog\/wp-json\/wp\/v2\/pages\/7511\/revisions\/7744"}],"wp:attachment":[{"href":"https:\/\/kutsam.at\/blog\/wp-json\/wp\/v2\/media?parent=7511"}],"curies":[{"name":"wp","href":"https:\/\/api.w.org\/{rel}","templated":true}]}}