{"id":2119,"date":"2024-09-26T15:19:52","date_gmt":"2024-09-26T13:19:52","guid":{"rendered":"https:\/\/kutsam.at\/blog\/?page_id=2119"},"modified":"2024-09-26T15:32:57","modified_gmt":"2024-09-26T13:32:57","slug":"kunstimschaufenster","status":"publish","type":"page","link":"https:\/\/kutsam.at\/blog\/kunstimschaufenster\/","title":{"rendered":"Kunst im Schaufenster"},"content":{"rendered":"\n<div class=\"wp-block-group alignfull has-global-padding is-layout-constrained wp-container-core-group-is-layout-d89aad35 wp-block-group-is-layout-constrained\" style=\"margin-top:0;margin-bottom:0;padding-top:var(--wp--preset--spacing--50);padding-right:var(--wp--preset--spacing--50);padding-bottom:var(--wp--preset--spacing--50);padding-left:var(--wp--preset--spacing--50)\">\n<h2 class=\"wp-block-heading\">Kunst im Schaufenster<\/h2>\n<\/div>\n\n\n\n<p>Wir m\u00f6chten Ihnen unserer neueste Initiative<\/p>\n\n\n\n<p><strong>\u201eKunst im Schaufenster\u201c<\/strong><\/p>\n\n\n\n<p>vorstellen!<\/p>\n\n\n\n<p>In einer einzigartigen Kooperation zwischen Mode und Kunst m\u00f6chten wir talentierten K\u00fcnstlern die M\u00f6glichkeit bieten, ihre Werke in den Schaufenstern unserer 5 Modeh\u00e4usern zu pr\u00e4sentieren.<\/p>\n\n\n\n<p>Ziel ist es, eine inspirierende Verbindung zwischen kreativen Ausdrucksformen zu schaffen und unseren Kunden ein visuelles Erlebnis zu bieten, das \u00fcber das Einkaufen hinausgeht.<\/p>\n\n\n\n<figure class=\"wp-block-gallery has-nested-images columns-default is-cropped wp-block-gallery-1 is-layout-flex wp-block-gallery-is-layout-flex\">\n<figure class=\"wp-block-image size-large\"><img loading=\"lazy\" decoding=\"async\" width=\"576\" height=\"1024\" sizes=\"auto, (max-width: 576px) 100vw, 576px\" data-id=\"2126\" src=\"https:\/\/kutsam.at\/blog\/wp-content\/uploads\/2024\/09\/photo_2024-09-18_10-47-53-576x1024.jpg\" alt=\"\" class=\"wp-image-2126\" srcset=\"https:\/\/kutsam.at\/blog\/wp-content\/uploads\/2024\/09\/photo_2024-09-18_10-47-53-576x1024.jpg 576w, https:\/\/kutsam.at\/blog\/wp-content\/uploads\/2024\/09\/photo_2024-09-18_10-47-53-169x300.jpg 169w, https:\/\/kutsam.at\/blog\/wp-content\/uploads\/2024\/09\/photo_2024-09-18_10-47-53.jpg 720w\" \/><\/figure>\n<\/figure>\n\n\n\n<p>Wie funktioniert es:<\/p>\n\n\n\n<p>K\u00fcnstler stellen Ihre Kunstwerke kostenlos in unseren Schaufenstern aus,<\/p>\n\n\n\n<p>legen selber den Preis fest und das Modehaus Kutsam erh\u00e4lt 10% des Verkaufspreises.<\/p>\n\n\n\n<p>Wir \u00fcbernehmen keine Haftung, stellen Staffelei oder vorhandene Rahmen gerne zur Verf\u00fcgung. Die Auslieferung k\u00f6nnen wir mittels unseres Warentransportes \u00fcbernehmen.<\/p>\n\n\n\n<p>Es wird eine kostenlose Werbung in unseren Newsletter gestellt.<\/p>\n\n\n\n<p><\/p>\n\n\n\n<p><\/p>\n\n\n\n<p><strong>Unsere Modeh\u00e4user:<\/strong><\/p>\n\n\n\n<p>Modehaus Kutsam BAD HALL<\/p>\n\n\n\n<p>Hauptplatz 21<\/p>\n\n\n\n<p>4540 Bad Hall<\/p>\n\n\n\n<p>Modehaus Kutsam KIRCHDORF<\/p>\n\n\n\n<p>Rathausplatz 6<\/p>\n\n\n\n<p>4560 Kirchdorf<\/p>\n\n\n\n<p>Modehaus Kutsam SIERNING<\/p>\n\n\n\n<p>M\u00fchlberg 16<\/p>\n\n\n\n<p>4522 Sierning<\/p>\n\n\n\n<p>Modehaus Kutsam ST.VALENTIN<\/p>\n\n\n\n<p>Hauptstra\u00dfe 56<\/p>\n\n\n\n<p>4300 St.Valentin<\/p>\n\n\n\n<p>Modehaus Kutsam SCHWERTBERG<\/p>\n\n\n\n<p>Dietmar-v.-Aist-Stra\u00dfe 4<\/p>\n\n\n\n<p>4311 Schwertberg<\/p>\n\n\n\n<p><strong>Wir freuen uns auf ihre Kunstwerke!<\/strong><\/p>\n\n\n\n<p>Bei Interesse melden sie sich bei Gabi Pr\u00fchlinger unter gp@kutsam.org<\/p>\n\n\n\n<p><\/p>\n","protected":false},"excerpt":{"rendered":"<p>Kunst im Schaufenster Wir m\u00f6chten Ihnen unserer neueste Initiative \u201eKunst im Schaufenster\u201c vorstellen! In einer einzigartigen Kooperation zwischen Mode und Kunst m\u00f6chten wir talentierten K\u00fcnstlern die M\u00f6glichkeit bieten, ihre Werke in den Schaufenstern unserer 5 Modeh\u00e4usern zu pr\u00e4sentieren. Ziel ist es, eine inspirierende Verbindung zwischen kreativen Ausdrucksformen zu schaffen und unseren Kunden ein visuelles Erlebnis [&hellip;]<\/p>\n","protected":false},"author":6,"featured_media":0,"parent":0,"menu_order":0,"comment_status":"closed","ping_status":"closed","template":"","meta":{"footnotes":""},"class_list":["post-2119","page","type-page","status-publish","hentry"],"yoast_head":"<!-- This site is optimized with the Yoast SEO plugin v27.4 - https:\/\/yoast.com\/product\/yoast-seo-wordpress\/ -->\n<title>Kunst im Schaufenster -<\/title>\n<meta name=\"robots\" content=\"index, follow, max-snippet:-1, max-image-preview:large, max-video-preview:-1\" \/>\n<link rel=\"canonical\" href=\"https:\/\/kutsam.at\/blog\/kunstimschaufenster\/\" \/>\n<meta property=\"og:locale\" content=\"de_DE\" \/>\n<meta property=\"og:type\" content=\"article\" \/>\n<meta property=\"og:title\" content=\"Kunst im Schaufenster -\" \/>\n<meta property=\"og:description\" content=\"Kunst im Schaufenster Wir m\u00f6chten Ihnen unserer neueste Initiative \u201eKunst im Schaufenster\u201c vorstellen! In einer einzigartigen Kooperation zwischen Mode und Kunst m\u00f6chten wir talentierten K\u00fcnstlern die M\u00f6glichkeit bieten, ihre Werke in den Schaufenstern unserer 5 Modeh\u00e4usern zu pr\u00e4sentieren. Ziel ist es, eine inspirierende Verbindung zwischen kreativen Ausdrucksformen zu schaffen und unseren Kunden ein visuelles Erlebnis [&hellip;]\" \/>\n<meta property=\"og:url\" content=\"https:\/\/kutsam.at\/blog\/kunstimschaufenster\/\" \/>\n<meta property=\"article:publisher\" content=\"https:\/\/www.facebook.com\/kutsam\" \/>\n<meta property=\"article:modified_time\" content=\"2024-09-26T13:32:57+00:00\" \/>\n<meta property=\"og:image\" content=\"https:\/\/kutsam.at\/blog\/wp-content\/uploads\/2024\/09\/photo_2024-09-18_10-47-53-576x1024.jpg\" \/>\n<meta name=\"twitter:card\" content=\"summary_large_image\" \/>\n<meta name=\"twitter:label1\" content=\"Gesch\u00e4tzte Lesezeit\" \/>\n\t<meta name=\"twitter:data1\" content=\"1\u00a0Minute\" \/>\n<!-- \/ Yoast SEO plugin. -->","yoast_head_json":{"title":"Kunst im Schaufenster -","robots":{"index":"index","follow":"follow","max-snippet":"max-snippet:-1","max-image-preview":"max-image-preview:large","max-video-preview":"max-video-preview:-1"},"canonical":"https:\/\/kutsam.at\/blog\/kunstimschaufenster\/","og_locale":"de_DE","og_type":"article","og_title":"Kunst im Schaufenster -","og_description":"Kunst im Schaufenster Wir m\u00f6chten Ihnen unserer neueste Initiative \u201eKunst im Schaufenster\u201c vorstellen! In einer einzigartigen Kooperation zwischen Mode und Kunst m\u00f6chten wir talentierten K\u00fcnstlern die M\u00f6glichkeit bieten, ihre Werke in den Schaufenstern unserer 5 Modeh\u00e4usern zu pr\u00e4sentieren. Ziel ist es, eine inspirierende Verbindung zwischen kreativen Ausdrucksformen zu schaffen und unseren Kunden ein visuelles Erlebnis [&hellip;]","og_url":"https:\/\/kutsam.at\/blog\/kunstimschaufenster\/","article_publisher":"https:\/\/www.facebook.com\/kutsam","article_modified_time":"2024-09-26T13:32:57+00:00","og_image":[{"url":"https:\/\/kutsam.at\/blog\/wp-content\/uploads\/2024\/09\/photo_2024-09-18_10-47-53-576x1024.jpg","type":"","width":"","height":""}],"twitter_card":"summary_large_image","twitter_misc":{"Gesch\u00e4tzte Lesezeit":"1\u00a0Minute"},"schema":{"@context":"https:\/\/schema.org","@graph":[{"@type":"WebPage","@id":"https:\/\/kutsam.at\/blog\/kunstimschaufenster\/","url":"https:\/\/kutsam.at\/blog\/kunstimschaufenster\/","name":"Kunst im Schaufenster -","isPartOf":{"@id":"https:\/\/kutsam.at\/blog\/#website"},"primaryImageOfPage":{"@id":"https:\/\/kutsam.at\/blog\/kunstimschaufenster\/#primaryimage"},"image":{"@id":"https:\/\/kutsam.at\/blog\/kunstimschaufenster\/#primaryimage"},"thumbnailUrl":"https:\/\/kutsam.at\/blog\/wp-content\/uploads\/2024\/09\/photo_2024-09-18_10-47-53-576x1024.jpg","datePublished":"2024-09-26T13:19:52+00:00","dateModified":"2024-09-26T13:32:57+00:00","breadcrumb":{"@id":"https:\/\/kutsam.at\/blog\/kunstimschaufenster\/#breadcrumb"},"inLanguage":"de","potentialAction":[{"@type":"ReadAction","target":["https:\/\/kutsam.at\/blog\/kunstimschaufenster\/"]}]},{"@type":"ImageObject","inLanguage":"de","@id":"https:\/\/kutsam.at\/blog\/kunstimschaufenster\/#primaryimage","url":"https:\/\/kutsam.at\/blog\/wp-content\/uploads\/2024\/09\/photo_2024-09-18_10-47-53.jpg","contentUrl":"https:\/\/kutsam.at\/blog\/wp-content\/uploads\/2024\/09\/photo_2024-09-18_10-47-53.jpg","width":720,"height":1280},{"@type":"BreadcrumbList","@id":"https:\/\/kutsam.at\/blog\/kunstimschaufenster\/#breadcrumb","itemListElement":[{"@type":"ListItem","position":1,"name":"Startseite","item":"https:\/\/kutsam.at\/blog\/"},{"@type":"ListItem","position":2,"name":"Kunst im Schaufenster"}]},{"@type":"WebSite","@id":"https:\/\/kutsam.at\/blog\/#website","url":"https:\/\/kutsam.at\/blog\/","name":"www.kutsam.at","description":"","publisher":{"@id":"https:\/\/kutsam.at\/blog\/#organization"},"potentialAction":[{"@type":"SearchAction","target":{"@type":"EntryPoint","urlTemplate":"https:\/\/kutsam.at\/blog\/?s={search_term_string}"},"query-input":{"@type":"PropertyValueSpecification","valueRequired":true,"valueName":"search_term_string"}}],"inLanguage":"de"},{"@type":"Organization","@id":"https:\/\/kutsam.at\/blog\/#organization","name":"Modehaus Kutsam","url":"https:\/\/kutsam.at\/blog\/","logo":{"@type":"ImageObject","inLanguage":"de","@id":"https:\/\/kutsam.at\/blog\/#\/schema\/logo\/image\/","url":"https:\/\/kutsam.at\/blog\/wp-content\/uploads\/2025\/06\/Kutsam_Hauptlogo_positiv.jpg","contentUrl":"https:\/\/kutsam.at\/blog\/wp-content\/uploads\/2025\/06\/Kutsam_Hauptlogo_positiv.jpg","width":1,"height":1,"caption":"Modehaus Kutsam"},"image":{"@id":"https:\/\/kutsam.at\/blog\/#\/schema\/logo\/image\/"},"sameAs":["https:\/\/www.facebook.com\/kutsam","https:\/\/www.instagram.com\/modehaus_kutsam\/","https:\/\/www.linkedin.com\/company\/6187905","https:\/\/www.youtube.com\/channel\/UCpu3uHhA4NnoTi6PsIr0z1Q"]}]}},"publishpress_future_action":{"enabled":false,"date":"2026-05-01 11:36:38","action":"change-status","newStatus":"draft","terms":[],"taxonomy":"","extraData":[]},"publishpress_future_workflow_manual_trigger":{"enabledWorkflows":[]},"_links":{"self":[{"href":"https:\/\/kutsam.at\/blog\/wp-json\/wp\/v2\/pages\/2119","targetHints":{"allow":["GET"]}}],"collection":[{"href":"https:\/\/kutsam.at\/blog\/wp-json\/wp\/v2\/pages"}],"about":[{"href":"https:\/\/kutsam.at\/blog\/wp-json\/wp\/v2\/types\/page"}],"author":[{"embeddable":true,"href":"https:\/\/kutsam.at\/blog\/wp-json\/wp\/v2\/users\/6"}],"replies":[{"embeddable":true,"href":"https:\/\/kutsam.at\/blog\/wp-json\/wp\/v2\/comments?post=2119"}],"version-history":[{"count":0,"href":"https:\/\/kutsam.at\/blog\/wp-json\/wp\/v2\/pages\/2119\/revisions"}],"wp:attachment":[{"href":"https:\/\/kutsam.at\/blog\/wp-json\/wp\/v2\/media?parent=2119"}],"curies":[{"name":"wp","href":"https:\/\/api.w.org\/{rel}","templated":true}]}}