{"id":203,"date":"2022-07-04T13:52:57","date_gmt":"2022-07-04T13:52:57","guid":{"rendered":"https:\/\/kutsam.at\/blog\/?page_id=203"},"modified":"2026-03-24T16:23:39","modified_gmt":"2026-03-24T15:23:39","slug":"offene-stellen","status":"publish","type":"page","link":"https:\/\/kutsam.at\/blog\/offene-stellen\/","title":{"rendered":"offene Stellen im Modehaus Kutsam"},"content":{"rendered":"\n<figure class=\"wp-block-image size-large\"><img data-dominant-color=\"938487\" data-has-transparency=\"false\" style=\"--dominant-color: #938487;\" loading=\"lazy\" decoding=\"async\" width=\"1024\" height=\"683\" sizes=\"auto, (max-width: 1024px) 100vw, 1024px\" src=\"https:\/\/kutsam.at\/blog\/wp-content\/uploads\/2026\/02\/Blog-Beitragsbild-1500-x-1000-1-1024x683.webp\" alt=\"\" class=\"wp-image-7024 not-transparent\" srcset=\"https:\/\/kutsam.at\/blog\/wp-content\/uploads\/2026\/02\/Blog-Beitragsbild-1500-x-1000-1-1024x683.webp 1024w, https:\/\/kutsam.at\/blog\/wp-content\/uploads\/2026\/02\/Blog-Beitragsbild-1500-x-1000-1-300x200.webp 300w, https:\/\/kutsam.at\/blog\/wp-content\/uploads\/2026\/02\/Blog-Beitragsbild-1500-x-1000-1-768x512.webp 768w, https:\/\/kutsam.at\/blog\/wp-content\/uploads\/2026\/02\/Blog-Beitragsbild-1500-x-1000-1.webp 1500w\" \/><\/figure>\n\n\n\n<p>Was w\u00e4re es, wenn du deine Zeit haupts\u00e4chlich mit sch\u00f6ner Mode, engagierten Kollegen und sympathischen Kunden verbringst? <\/p>\n\n\n\n<p><br>Du hast Fragen zu unseren Jobangeboten? Du erreichst uns unter  karriere@kutsam.at<\/p>\n\n\n<section class=\"job-listing row clearfix\" aria-label=\"Job listings\"><div class=\"column medium-12 col-md-12\" role=\"list\"><article class=\"job-preview clearfix\" role=\"article\" aria-labelledby=\"job-title-963\"><div class=\"job-content\"><h5><a href=\"https:\/\/kutsam.at\/blog\/job\/lehre-im-einzelhandel\/\" id=\"job-title-963\" target=\"_self\"><span>Lehre zur Modeberaterin<\/span><\/a><\/h5><div class=\"job-additional-information\" aria-label=\"Additional job information\"><span>Bad Hall, St. Valentin, Schwertberg, Sierning, Kirchdorf a.d. Krems<\/span><span class=\"job-preview-details-separator\">, <span><span>Vollzeit<\/span><\/div><\/div><div class=\"job-cta\"><a href=\"https:\/\/kutsam.at\/blog\/job\/lehre-im-einzelhandel\/\" target=\"_self\" class=\"apply-btn local\" aria-label=\"View job: Lehre zur Modeberaterin\">Ansehen<\/a><\/div><\/article><article class=\"job-preview clearfix\" role=\"article\" aria-labelledby=\"job-title-259\"><div class=\"job-content\"><h5><a href=\"https:\/\/kutsam.at\/blog\/job\/initiativbewerbung\/\" id=\"job-title-259\" target=\"_self\"><span>Initiativbewerbung<\/span><\/a><\/h5><div class=\"job-additional-information\" aria-label=\"Additional job information\"><span>Bad Hall<\/span><\/div><\/div><div class=\"job-cta\"><a href=\"https:\/\/kutsam.at\/blog\/job\/initiativbewerbung\/\" target=\"_self\" class=\"apply-btn local\" aria-label=\"View job: Initiativbewerbung\">Ansehen<\/a><\/div><\/article><\/div><\/section>\n\n\n\n<hr class=\"wp-block-separator has-alpha-channel-opacity\"\/>\n\n\n\n<p>Alle Jobs nach Standorten:<\/p>\n\n\n\n<p><\/p>\n\n\n<section class=\"job-listing row clearfix\" aria-label=\"Job listings\"><div class=\"column medium-12 col-md-12\" role=\"list\"><article class=\"job-preview clearfix\" role=\"article\" aria-labelledby=\"job-title-6429\"><div class=\"job-content\"><h5><a href=\"https:\/\/kutsam.at\/blog\/job\/storemanager0\/\" id=\"job-title-6429\" target=\"_self\"><span>Store Manager:in im Modehaus Kutsam in Bad Hall (40h)<\/span><\/a><\/h5><div class=\"job-additional-information\" aria-label=\"Additional job information\"><span>Bad Hall<\/span><\/div><\/div><div class=\"job-cta\"><a href=\"https:\/\/kutsam.at\/blog\/job\/storemanager0\/\" target=\"_self\" class=\"apply-btn local\" aria-label=\"View job: Store Manager:in im Modehaus Kutsam in Bad Hall (40h)\">Ansehen<\/a><\/div><\/article><article class=\"job-preview clearfix\" role=\"article\" aria-labelledby=\"job-title-963\"><div class=\"job-content\"><h5><a href=\"https:\/\/kutsam.at\/blog\/job\/lehre-im-einzelhandel\/\" id=\"job-title-963\" target=\"_self\"><span>Lehre zur Modeberaterin<\/span><\/a><\/h5><div class=\"job-additional-information\" aria-label=\"Additional job information\"><span>Bad Hall, St. Valentin, Schwertberg, Sierning, Kirchdorf a.d. Krems<\/span><span class=\"job-preview-details-separator\">, <span><span>Vollzeit<\/span><\/div><\/div><div class=\"job-cta\"><a href=\"https:\/\/kutsam.at\/blog\/job\/lehre-im-einzelhandel\/\" target=\"_self\" class=\"apply-btn local\" aria-label=\"View job: Lehre zur Modeberaterin\">Ansehen<\/a><\/div><\/article><article class=\"job-preview clearfix\" role=\"article\" aria-labelledby=\"job-title-259\"><div class=\"job-content\"><h5><a href=\"https:\/\/kutsam.at\/blog\/job\/initiativbewerbung\/\" id=\"job-title-259\" target=\"_self\"><span>Initiativbewerbung<\/span><\/a><\/h5><div class=\"job-additional-information\" aria-label=\"Additional job information\"><span>Bad Hall<\/span><\/div><\/div><div class=\"job-cta\"><a href=\"https:\/\/kutsam.at\/blog\/job\/initiativbewerbung\/\" target=\"_self\" class=\"apply-btn local\" aria-label=\"View job: Initiativbewerbung\">Ansehen<\/a><\/div><\/article><\/div><\/section>\n\n\n\n<p>Wir suchen f\u00fcr unser Team Gl\u00fccklichmacherInnen. Du wei\u00dft noch nicht recht, ob du einen neuen Job wagen sollst? Komm vorbei und lerne uns kennen. <br><br><\/p>\n\n\n\n<!-- Google tag (gtag.js) -->\n<script async src=\"https:\/\/www.googletagmanager.com\/gtag\/js?id=AW-1042153385\"><\/script>\n<script>\n  window.dataLayer = window.dataLayer || [];\n  function gtag(){dataLayer.push(arguments);}\n  gtag('js', new Date());\n\n  gtag('config', 'AW-1042153385');\n<\/script>\n","protected":false},"excerpt":{"rendered":"<p>Was w\u00e4re es, wenn du deine Zeit haupts\u00e4chlich mit sch\u00f6ner Mode, engagierten Kollegen und sympathischen Kunden verbringst? Du hast Fragen zu unseren Jobangeboten? Du erreichst uns unter karriere@kutsam.at Alle Jobs nach Standorten: Wir suchen f\u00fcr unser Team Gl\u00fccklichmacherInnen. Du wei\u00dft noch nicht recht, ob du einen neuen Job wagen sollst? Komm vorbei und lerne uns [&hellip;]<\/p>\n","protected":false},"author":1,"featured_media":0,"parent":0,"menu_order":0,"comment_status":"closed","ping_status":"closed","template":"","meta":{"footnotes":""},"class_list":["post-203","page","type-page","status-publish","hentry"],"yoast_head":"<!-- This site is optimized with the Yoast SEO plugin v27.6 - https:\/\/yoast.com\/product\/yoast-seo-wordpress\/ -->\n<title>offene Stellen im Modehaus Kutsam -<\/title>\n<meta name=\"description\" content=\"Du m\u00f6chtest mit einem starken Team arbeiten? Herzlichkeit und ein Gesp\u00fcr f\u00fcr sch\u00f6ne Dinge zeichnen dich aus? Du bist gerne erfolgreich? Dann bewirb dich bei uns.\" \/>\n<meta name=\"robots\" content=\"index, follow, max-snippet:-1, max-image-preview:large, max-video-preview:-1\" \/>\n<link rel=\"canonical\" href=\"https:\/\/kutsam.at\/blog\/offene-stellen\/\" \/>\n<meta property=\"og:locale\" content=\"de_DE\" \/>\n<meta property=\"og:type\" content=\"article\" \/>\n<meta property=\"og:title\" content=\"Meinen Traumjob finden\" \/>\n<meta property=\"og:description\" content=\"www.kutsam.at\/karriere\" \/>\n<meta property=\"og:url\" content=\"https:\/\/kutsam.at\/blog\/offene-stellen\/\" \/>\n<meta property=\"article:publisher\" content=\"https:\/\/www.facebook.com\/kutsam\" \/>\n<meta property=\"article:modified_time\" content=\"2026-03-24T15:23:39+00:00\" \/>\n<meta property=\"og:image\" content=\"https:\/\/kutsam.at\/blog\/wp-content\/uploads\/2022\/12\/photo_2022-12-07_12-00-37.jpg\" \/>\n\t<meta property=\"og:image:width\" content=\"671\" \/>\n\t<meta property=\"og:image:height\" content=\"893\" \/>\n\t<meta property=\"og:image:type\" content=\"image\/jpeg\" \/>\n<meta name=\"twitter:card\" content=\"summary_large_image\" \/>\n<meta name=\"twitter:label1\" content=\"Gesch\u00e4tzte Lesezeit\" \/>\n\t<meta name=\"twitter:data1\" content=\"1\u00a0Minute\" \/>\n<!-- \/ Yoast SEO plugin. -->","yoast_head_json":{"title":"offene Stellen im Modehaus Kutsam -","description":"Du m\u00f6chtest mit einem starken Team arbeiten? Herzlichkeit und ein Gesp\u00fcr f\u00fcr sch\u00f6ne Dinge zeichnen dich aus? Du bist gerne erfolgreich? Dann bewirb dich bei uns.","robots":{"index":"index","follow":"follow","max-snippet":"max-snippet:-1","max-image-preview":"max-image-preview:large","max-video-preview":"max-video-preview:-1"},"canonical":"https:\/\/kutsam.at\/blog\/offene-stellen\/","og_locale":"de_DE","og_type":"article","og_title":"Meinen Traumjob finden","og_description":"www.kutsam.at\/karriere","og_url":"https:\/\/kutsam.at\/blog\/offene-stellen\/","article_publisher":"https:\/\/www.facebook.com\/kutsam","article_modified_time":"2026-03-24T15:23:39+00:00","og_image":[{"width":671,"height":893,"url":"https:\/\/kutsam.at\/blog\/wp-content\/uploads\/2022\/12\/photo_2022-12-07_12-00-37.jpg","type":"image\/jpeg"}],"twitter_card":"summary_large_image","twitter_misc":{"Gesch\u00e4tzte Lesezeit":"1\u00a0Minute"},"schema":{"@context":"https:\/\/schema.org","@graph":[{"@type":"WebPage","@id":"https:\/\/kutsam.at\/blog\/offene-stellen\/","url":"https:\/\/kutsam.at\/blog\/offene-stellen\/","name":"offene Stellen im Modehaus Kutsam -","isPartOf":{"@id":"https:\/\/kutsam.at\/blog\/#website"},"primaryImageOfPage":{"@id":"https:\/\/kutsam.at\/blog\/offene-stellen\/#primaryimage"},"image":{"@id":"https:\/\/kutsam.at\/blog\/offene-stellen\/#primaryimage"},"thumbnailUrl":"https:\/\/kutsam.at\/blog\/wp-content\/uploads\/2026\/02\/Blog-Beitragsbild-1500-x-1000-1-1024x683.webp","datePublished":"2022-07-04T13:52:57+00:00","dateModified":"2026-03-24T15:23:39+00:00","description":"Du m\u00f6chtest mit einem starken Team arbeiten? Herzlichkeit und ein Gesp\u00fcr f\u00fcr sch\u00f6ne Dinge zeichnen dich aus? Du bist gerne erfolgreich? Dann bewirb dich bei uns.","breadcrumb":{"@id":"https:\/\/kutsam.at\/blog\/offene-stellen\/#breadcrumb"},"inLanguage":"de","potentialAction":[{"@type":"ReadAction","target":["https:\/\/kutsam.at\/blog\/offene-stellen\/"]}]},{"@type":"ImageObject","inLanguage":"de","@id":"https:\/\/kutsam.at\/blog\/offene-stellen\/#primaryimage","url":"https:\/\/kutsam.at\/blog\/wp-content\/uploads\/2026\/02\/Blog-Beitragsbild-1500-x-1000-1.webp","contentUrl":"https:\/\/kutsam.at\/blog\/wp-content\/uploads\/2026\/02\/Blog-Beitragsbild-1500-x-1000-1.webp","width":1500,"height":1000},{"@type":"BreadcrumbList","@id":"https:\/\/kutsam.at\/blog\/offene-stellen\/#breadcrumb","itemListElement":[{"@type":"ListItem","position":1,"name":"Startseite","item":"https:\/\/kutsam.at\/blog\/"},{"@type":"ListItem","position":2,"name":"offene Stellen im Modehaus Kutsam"}]},{"@type":"WebSite","@id":"https:\/\/kutsam.at\/blog\/#website","url":"https:\/\/kutsam.at\/blog\/","name":"www.kutsam.at","description":"","publisher":{"@id":"https:\/\/kutsam.at\/blog\/#organization"},"potentialAction":[{"@type":"SearchAction","target":{"@type":"EntryPoint","urlTemplate":"https:\/\/kutsam.at\/blog\/?s={search_term_string}"},"query-input":{"@type":"PropertyValueSpecification","valueRequired":true,"valueName":"search_term_string"}}],"inLanguage":"de"},{"@type":"Organization","@id":"https:\/\/kutsam.at\/blog\/#organization","name":"Modehaus Kutsam","url":"https:\/\/kutsam.at\/blog\/","logo":{"@type":"ImageObject","inLanguage":"de","@id":"https:\/\/kutsam.at\/blog\/#\/schema\/logo\/image\/","url":"https:\/\/kutsam.at\/blog\/wp-content\/uploads\/2025\/06\/Kutsam_Hauptlogo_positiv.jpg","contentUrl":"https:\/\/kutsam.at\/blog\/wp-content\/uploads\/2025\/06\/Kutsam_Hauptlogo_positiv.jpg","width":1,"height":1,"caption":"Modehaus Kutsam"},"image":{"@id":"https:\/\/kutsam.at\/blog\/#\/schema\/logo\/image\/"},"sameAs":["https:\/\/www.facebook.com\/kutsam","https:\/\/www.instagram.com\/modehaus_kutsam\/","https:\/\/www.linkedin.com\/company\/6187905","https:\/\/www.youtube.com\/channel\/UCpu3uHhA4NnoTi6PsIr0z1Q"]}]}},"publishpress_future_action":{"enabled":false,"date":"2026-05-22 11:43:48","action":"change-status","newStatus":"draft","terms":[],"taxonomy":"","extraData":[]},"publishpress_future_workflow_manual_trigger":{"enabledWorkflows":[]},"_links":{"self":[{"href":"https:\/\/kutsam.at\/blog\/wp-json\/wp\/v2\/pages\/203","targetHints":{"allow":["GET"]}}],"collection":[{"href":"https:\/\/kutsam.at\/blog\/wp-json\/wp\/v2\/pages"}],"about":[{"href":"https:\/\/kutsam.at\/blog\/wp-json\/wp\/v2\/types\/page"}],"author":[{"embeddable":true,"href":"https:\/\/kutsam.at\/blog\/wp-json\/wp\/v2\/users\/1"}],"replies":[{"embeddable":true,"href":"https:\/\/kutsam.at\/blog\/wp-json\/wp\/v2\/comments?post=203"}],"version-history":[{"count":5,"href":"https:\/\/kutsam.at\/blog\/wp-json\/wp\/v2\/pages\/203\/revisions"}],"predecessor-version":[{"id":7270,"href":"https:\/\/kutsam.at\/blog\/wp-json\/wp\/v2\/pages\/203\/revisions\/7270"}],"wp:attachment":[{"href":"https:\/\/kutsam.at\/blog\/wp-json\/wp\/v2\/media?parent=203"}],"curies":[{"name":"wp","href":"https:\/\/api.w.org\/{rel}","templated":true}]}}